{"id":1142,"date":"2019-07-29T21:26:23","date_gmt":"2019-07-29T21:26:23","guid":{"rendered":"https:\/\/www.almresi-metzingen.com\/?page_id=1142"},"modified":"2019-09-29T18:58:34","modified_gmt":"2019-09-29T18:58:34","slug":"almresi-restaurant-startseite","status":"publish","type":"page","link":"https:\/\/www.almresi-metzingen.com\/en\/","title":{"rendered":"Almresi Restraurant &#8211; Frontpage"},"content":{"rendered":"<p style=\"text-align: center;\"><hgroup class=\"pixcode  pixcode--heading article__headline\">\n\t<h2 class=\"headline__secondary\"><\/h2>\n\t<h1 class=\"headline__primary\">A modern family<br \/>\ntradition.<\/h1>\n<\/hgroup>\n<p>&nbsp;<\/p>\n<div class=\"pixcode  pixcode--grid  grid  \">\n\n<div class=\"grid__item six-twelfths palm-one-whole \">\n\n<p><img loading=\"lazy\" decoding=\"async\" class=\"wp-image-1371 size-large alignnone\" style=\"clear: none; font-family: inherit; font-weight: bold; margin: 3rem 0px !important 3rem 3rem;\" src=\"https:\/\/www.almresi-metzingen.com\/wp-content\/uploads\/2019\/09\/thoma-family-1-1024x747.jpg\" alt=\"\" width=\"960\" height=\"700\" \/><\/p>\n\n<\/div>\n\n<div class=\"grid__item six-twelfths palm-one-whole \">\n\n<p style=\"text-align: center;\">2016. ALMRESI realizes our dream. <span lang=\"EN-US\">With two of our four children we are opened our first restaurant in the USA. In the beautiful winter resort in Vail, Colorado. 2019. ALMRESI inspires us to redesign and re-open Vails\u2019 icon ALPENROSE. Also, in Vail, \u201cWhere the Alps \u00a0eet the Rockies\u201d. 2019.\u00a0ALMRESI takes over a new track. In the remarkable ski resort Aspen, we\u2019ll open another restaurant. And ALMRESI arrives now in Metzingen. In our large, bright restaurant in the heart of the OUTLETCITY METZINGEN, all the talents of our family members find their fulfillment. No matter where in the world we are,,<br \/>\nALMRESI is our home. We are very happy if it will be yours too.<\/span><\/p>\n\n<\/div>\n\n<div class=\"grid__item six-twelfths palm-one-whole \">\n\n<p>&nbsp;<\/p>\n\n<\/div>\n\n\n<\/div>\n\n<p>&nbsp;<\/p>\n<div class=\"pixcode  pixcode--separator  separator separator--line-flower\">\n<div class=\"line  line--left\"><\/div>\n<div class=\"line  line--right\"><\/div>\n<div class=\"star\">&#10043;<\/div>\n<div class=\"arrows\">\n<div class=\"arrow arrow--left\"><\/div>\n<div class=\"arrow arrow--right\"><\/div>\n<\/div>\n<\/div>\n\n<p>&nbsp;<\/p>\n<p style=\"text-align: center;\"><hgroup class=\"pixcode  pixcode--heading article__headline\">\n\t<h2 class=\"headline__secondary\"><\/h2>\n\t<h1 class=\"headline__primary\">Alpine lifestyle<br \/>\nto feel good<\/h1>\n<\/hgroup>\n<p>&nbsp;<\/p>\n<div class=\"pixcode  pixcode--grid  grid  \">\n\n<div class=\"grid__item six-twelfths palm-one-whole \">\n\n<p style=\"text-align: center;\"><span lang=\"EN-US\">ALMRESI is just the way your favorite restaurant should be. Bright, inviting and welcoming. The internationality of the Alps is given an exclusive and modern interpretation here. The creative cuisine offers a wide selection of dishes that spoil body and soul in a very modern way. The trendy and traditional interior in the warm Chalet Chic impresses with loving ideas in every detail. The attentive service wins you over with its familiar naturalness and a smile. The menu is simply perfect. Air-dried mountain ham and delicious alpine cheese. Crispy tarte flamb\u00e9e or a tasty salad with goat cheese and walnuts. Then, there is the Swiss R\u00f6sti or a delicious short rib with red cabbage and sp\u00e4tzle. Who wants to enjoy a freshly poured beer? Finally, an apple strudel straight from the oven or maybe a real Austrian Kaiserschmarrn instead? \u00a0Only a trip to the Outletcity Metzingen is worth it. ALMRESI is a highlight in the Premium Mall. Go on a discovery journey with us, you are very welcome.<\/span><\/p>\n<p style=\"text-align: center;\"><a href=\"https:\/\/www.almresi-metzingen.com\/en\/menu\/\">VIEW THE FULL MENU<\/a><\/p>\n\n<\/div>\n\n<div class=\"grid__item six-twelfths palm-one-whole \">\n\n<p><img loading=\"lazy\" decoding=\"async\" class=\"alignnone wp-image-661 size-large\" src=\"https:\/\/www.almresi-metzingen.com\/wp-content\/uploads\/2014\/05\/where-the-alps-1024x683.jpg\" width=\"960\" height=\"640\" srcset=\"https:\/\/www.almresi-metzingen.com\/wp-content\/uploads\/2014\/05\/where-the-alps-1024x683.jpg 1024w, https:\/\/www.almresi-metzingen.com\/wp-content\/uploads\/2014\/05\/where-the-alps-300x200.jpg 300w, https:\/\/www.almresi-metzingen.com\/wp-content\/uploads\/2014\/05\/where-the-alps-768x512.jpg 768w, https:\/\/www.almresi-metzingen.com\/wp-content\/uploads\/2014\/05\/where-the-alps-1200x800.jpg 1200w, https:\/\/www.almresi-metzingen.com\/wp-content\/uploads\/2014\/05\/where-the-alps-900x600.jpg 900w, https:\/\/www.almresi-metzingen.com\/wp-content\/uploads\/2014\/05\/where-the-alps-400x267.jpg 400w, https:\/\/www.almresi-metzingen.com\/wp-content\/uploads\/2014\/05\/where-the-alps.jpg 1920w\" sizes=\"auto, (max-width: 960px) 100vw, 960px\" \/><\/p>\n\n<\/div>\n\n\n<\/div>\n\n","protected":false},"excerpt":{"rendered":"<p>&nbsp; &nbsp; &nbsp; &nbsp;<\/p>\n","protected":false},"author":2,"featured_media":1365,"parent":0,"menu_order":0,"comment_status":"closed","ping_status":"closed","template":"","meta":{"footnotes":""},"class_list":["post-1142","page","type-page","status-publish","has-post-thumbnail","hentry"],"_links":{"self":[{"href":"https:\/\/www.almresi-metzingen.com\/en\/wp-json\/wp\/v2\/pages\/1142","targetHints":{"allow":["GET"]}}],"collection":[{"href":"https:\/\/www.almresi-metzingen.com\/en\/wp-json\/wp\/v2\/pages"}],"about":[{"href":"https:\/\/www.almresi-metzingen.com\/en\/wp-json\/wp\/v2\/types\/page"}],"author":[{"embeddable":true,"href":"https:\/\/www.almresi-metzingen.com\/en\/wp-json\/wp\/v2\/users\/2"}],"replies":[{"embeddable":true,"href":"https:\/\/www.almresi-metzingen.com\/en\/wp-json\/wp\/v2\/comments?post=1142"}],"version-history":[{"count":13,"href":"https:\/\/www.almresi-metzingen.com\/en\/wp-json\/wp\/v2\/pages\/1142\/revisions"}],"predecessor-version":[{"id":1448,"href":"https:\/\/www.almresi-metzingen.com\/en\/wp-json\/wp\/v2\/pages\/1142\/revisions\/1448"}],"wp:featuredmedia":[{"embeddable":true,"href":"https:\/\/www.almresi-metzingen.com\/en\/wp-json\/wp\/v2\/media\/1365"}],"wp:attachment":[{"href":"https:\/\/www.almresi-metzingen.com\/en\/wp-json\/wp\/v2\/media?parent=1142"}],"curies":[{"name":"wp","href":"https:\/\/api.w.org\/{rel}","templated":true}]}}